{"id":2839,"date":"2024-08-31T22:01:04","date_gmt":"2024-09-01T01:01:04","guid":{"rendered":"https:\/\/quimicanova.com.br\/?page_id=2839"},"modified":"2024-09-13T00:42:26","modified_gmt":"2024-09-13T03:42:26","slug":"elementor-2839","status":"publish","type":"page","link":"https:\/\/quimicanova.com.br\/?page_id=2839","title":{"rendered":"Produtos"},"content":{"rendered":"\t\t<div data-elementor-type=\"wp-page\" data-elementor-id=\"2839\" class=\"elementor elementor-2839\">\n\t\t\t\t\t\t<section class=\"elementor-section elementor-top-section elementor-element elementor-element-3f95e43 elementor-section-boxed elementor-section-height-default elementor-section-height-default\" data-id=\"3f95e43\" data-element_type=\"section\">\n\t\t\t\t\t\t<div class=\"elementor-container elementor-column-gap-default\">\n\t\t\t\t\t<div class=\"elementor-column elementor-col-33 elementor-top-column elementor-element elementor-element-8bb2d48\" data-id=\"8bb2d48\" data-element_type=\"column\">\n\t\t\t<div class=\"elementor-widget-wrap elementor-element-populated\">\n\t\t\t\t\t\t<div class=\"elementor-element elementor-element-63ce463 elementor-widget elementor-widget-image\" data-id=\"63ce463\" data-element_type=\"widget\" data-widget_type=\"image.default\">\n\t\t\t\t<div class=\"elementor-widget-container\">\n\t\t\t\t\t\t\t\t\t\t\t\t\t<img fetchpriority=\"high\" decoding=\"async\" width=\"500\" height=\"500\" src=\"https:\/\/quimicanova.com.br\/wp-content\/uploads\/2024\/09\/Design-sem-nome-54.png\" class=\"attachment-large size-large wp-image-3110\" alt=\"\" srcset=\"https:\/\/quimicanova.com.br\/wp-content\/uploads\/2024\/09\/Design-sem-nome-54.png 500w, https:\/\/quimicanova.com.br\/wp-content\/uploads\/2024\/09\/Design-sem-nome-54-300x300.png 300w, https:\/\/quimicanova.com.br\/wp-content\/uploads\/2024\/09\/Design-sem-nome-54-150x150.png 150w\" sizes=\"(max-width: 500px) 100vw, 500px\" \/>\t\t\t\t\t\t\t\t\t\t\t\t\t<\/div>\n\t\t\t\t<\/div>\n\t\t\t\t\t<\/div>\n\t\t<\/div>\n\t\t\t\t<div class=\"elementor-column elementor-col-66 elementor-top-column elementor-element elementor-element-60c90fa\" data-id=\"60c90fa\" data-element_type=\"column\">\n\t\t\t<div class=\"elementor-widget-wrap elementor-element-populated\">\n\t\t\t\t\t\t<div class=\"elementor-element elementor-element-f1a5496 elementor-widget elementor-widget-heading\" data-id=\"f1a5496\" data-element_type=\"widget\" data-widget_type=\"heading.default\">\n\t\t\t\t<div class=\"elementor-widget-container\">\n\t\t\t<h2 class=\"elementor-heading-title elementor-size-default\">Produtos Qu\u00edmicos - Industriais<\/h2>\t\t<\/div>\n\t\t\t\t<\/div>\n\t\t\t\t<div class=\"elementor-element elementor-element-9eecafc elementor-widget elementor-widget-text-editor\" data-id=\"9eecafc\" data-element_type=\"widget\" data-widget_type=\"text-editor.default\">\n\t\t\t\t<div class=\"elementor-widget-container\">\n\t\t\t\t\t\t\t<p>Conhe\u00e7a nossa linha completa de produtos qu\u00edmicos industriais para otimizar a produ\u00e7\u00e3o em usinas de a\u00e7\u00facar e \u00e1lcool. Solu\u00e7\u00f5es eficazes e de alta qualidade para tratamento de \u00e1gua, controle de processos e manuten\u00e7\u00e3o industrial. Acesse agora e descubra como podemos ajudar voc\u00ea a alcan\u00e7ar m\u00e1xima efici\u00eancia!<\/p>\n<p>Com uma vasta variedade de produtos para diversas aplica\u00e7\u00f5es, conhe\u00e7a todo o nosso portf\u00f3lio.<\/p>\t\t\t\t\t\t<\/div>\n\t\t\t\t<\/div>\n\t\t\t\t<div class=\"elementor-element elementor-element-0c7a92b elementor-align-center elementor-widget elementor-widget-button\" data-id=\"0c7a92b\" data-element_type=\"widget\" data-widget_type=\"button.default\">\n\t\t\t\t<div class=\"elementor-widget-container\">\n\t\t\t\t\t<div class=\"elementor-button-wrapper\">\n\t\t\t<a class=\"elementor-button elementor-button-link elementor-size-sm\" href=\"https:\/\/quimicanova.com.br\/?page_id=3021\">\n\t\t\t\t\t\t<span class=\"elementor-button-content-wrapper\">\n\t\t\t\t\t\t\t\t\t<span class=\"elementor-button-text\">Linha Industrial<\/span>\n\t\t\t\t\t<\/span>\n\t\t\t\t\t<\/a>\n\t\t<\/div>\n\t\t\t\t<\/div>\n\t\t\t\t<\/div>\n\t\t\t\t\t<\/div>\n\t\t<\/div>\n\t\t\t\t\t<\/div>\n\t\t<\/section>\n\t\t\t\t<section class=\"elementor-section elementor-top-section elementor-element elementor-element-620c7b6 elementor-section-boxed elementor-section-height-default elementor-section-height-default\" data-id=\"620c7b6\" data-element_type=\"section\">\n\t\t\t\t\t\t<div class=\"elementor-container elementor-column-gap-default\">\n\t\t\t\t\t<div class=\"elementor-column elementor-col-100 elementor-top-column elementor-element elementor-element-7ec4a52\" data-id=\"7ec4a52\" data-element_type=\"column\">\n\t\t\t<div class=\"elementor-widget-wrap elementor-element-populated\">\n\t\t\t\t\t\t<div class=\"elementor-element elementor-element-c6f265b elementor-widget-divider--view-line elementor-widget elementor-widget-divider\" data-id=\"c6f265b\" data-element_type=\"widget\" data-widget_type=\"divider.default\">\n\t\t\t\t<div class=\"elementor-widget-container\">\n\t\t\t\t\t<div class=\"elementor-divider\">\n\t\t\t<span class=\"elementor-divider-separator\">\n\t\t\t\t\t\t<\/span>\n\t\t<\/div>\n\t\t\t\t<\/div>\n\t\t\t\t<\/div>\n\t\t\t\t\t<\/div>\n\t\t<\/div>\n\t\t\t\t\t<\/div>\n\t\t<\/section>\n\t\t\t\t<section class=\"elementor-section elementor-top-section elementor-element elementor-element-aaa1e94 elementor-section-boxed elementor-section-height-default elementor-section-height-default\" data-id=\"aaa1e94\" data-element_type=\"section\">\n\t\t\t\t\t\t<div class=\"elementor-container elementor-column-gap-default\">\n\t\t\t\t\t<div class=\"elementor-column elementor-col-66 elementor-top-column elementor-element elementor-element-083e145\" data-id=\"083e145\" data-element_type=\"column\">\n\t\t\t<div class=\"elementor-widget-wrap elementor-element-populated\">\n\t\t\t\t\t\t<div class=\"elementor-element elementor-element-20bc7c6 elementor-widget elementor-widget-heading\" data-id=\"20bc7c6\" data-element_type=\"widget\" data-widget_type=\"heading.default\">\n\t\t\t\t<div class=\"elementor-widget-container\">\n\t\t\t<h2 class=\"elementor-heading-title elementor-size-default\">Produtos Qu\u00edmicos - Setor Tintas<\/h2>\t\t<\/div>\n\t\t\t\t<\/div>\n\t\t\t\t<div class=\"elementor-element elementor-element-a4f1f9d elementor-widget elementor-widget-text-editor\" data-id=\"a4f1f9d\" data-element_type=\"widget\" data-widget_type=\"text-editor.default\">\n\t\t\t\t<div class=\"elementor-widget-container\">\n\t\t\t\t\t\t\t<p>Transforme suas ideias em cores! Acesse nosso portf\u00f3lio e descubra a melhor mat\u00e9ria-prima para fabrica\u00e7\u00e3o de tintas de alta qualidade e pre\u00e7os imbat\u00edveis. Acesse abaixo e fa\u00e7a parte da inova\u00e7\u00e3o nas cores!<\/p><p>Com uma vasta variedade de produtos para diversas aplica\u00e7\u00f5es, conhe\u00e7a todo o nosso portf\u00f3lio.<\/p>\t\t\t\t\t\t<\/div>\n\t\t\t\t<\/div>\n\t\t\t\t<div class=\"elementor-element elementor-element-dc82baf elementor-align-center elementor-widget elementor-widget-button\" data-id=\"dc82baf\" data-element_type=\"widget\" data-widget_type=\"button.default\">\n\t\t\t\t<div class=\"elementor-widget-container\">\n\t\t\t\t\t<div class=\"elementor-button-wrapper\">\n\t\t\t<a class=\"elementor-button elementor-button-link elementor-size-sm\" href=\"https:\/\/quimicanova.com.br\/?page_id=3025\">\n\t\t\t\t\t\t<span class=\"elementor-button-content-wrapper\">\n\t\t\t\t\t\t\t\t\t<span class=\"elementor-button-text\">Setor Tintas<\/span>\n\t\t\t\t\t<\/span>\n\t\t\t\t\t<\/a>\n\t\t<\/div>\n\t\t\t\t<\/div>\n\t\t\t\t<\/div>\n\t\t\t\t\t<\/div>\n\t\t<\/div>\n\t\t\t\t<div class=\"elementor-column elementor-col-33 elementor-top-column elementor-element elementor-element-46ee257\" data-id=\"46ee257\" data-element_type=\"column\">\n\t\t\t<div class=\"elementor-widget-wrap elementor-element-populated\">\n\t\t\t\t\t\t<div class=\"elementor-element elementor-element-35ee7c9 elementor-widget elementor-widget-image\" data-id=\"35ee7c9\" data-element_type=\"widget\" data-widget_type=\"image.default\">\n\t\t\t\t<div class=\"elementor-widget-container\">\n\t\t\t\t\t\t\t\t\t\t\t\t\t<img decoding=\"async\" width=\"500\" height=\"500\" src=\"https:\/\/quimicanova.com.br\/wp-content\/uploads\/2024\/09\/Design-sem-nome-55.png\" class=\"attachment-large size-large wp-image-3113\" alt=\"\" srcset=\"https:\/\/quimicanova.com.br\/wp-content\/uploads\/2024\/09\/Design-sem-nome-55.png 500w, https:\/\/quimicanova.com.br\/wp-content\/uploads\/2024\/09\/Design-sem-nome-55-300x300.png 300w, https:\/\/quimicanova.com.br\/wp-content\/uploads\/2024\/09\/Design-sem-nome-55-150x150.png 150w\" sizes=\"(max-width: 500px) 100vw, 500px\" \/>\t\t\t\t\t\t\t\t\t\t\t\t\t<\/div>\n\t\t\t\t<\/div>\n\t\t\t\t\t<\/div>\n\t\t<\/div>\n\t\t\t\t\t<\/div>\n\t\t<\/section>\n\t\t\t\t<\/div>\n\t\t","protected":false},"excerpt":{"rendered":"<p>Produtos Qu\u00edmicos &#8211; Industriais Conhe\u00e7a nossa linha completa de produtos qu\u00edmicos industriais para otimizar a produ\u00e7\u00e3o em usinas de a\u00e7\u00facar e \u00e1lcool. Solu\u00e7\u00f5es eficazes e de alta qualidade para tratamento de \u00e1gua, controle de processos e manuten\u00e7\u00e3o industrial. Acesse agora e descubra como podemos ajudar voc\u00ea a alcan\u00e7ar m\u00e1xima efici\u00eancia! Com uma vasta variedade de&hellip; <br \/> <a class=\"read-more\" href=\"https:\/\/quimicanova.com.br\/?page_id=2839\">Leia mais<\/a><\/p>\n","protected":false},"author":3,"featured_media":2846,"parent":0,"menu_order":0,"comment_status":"closed","ping_status":"closed","template":"","meta":{"footnotes":""},"class_list":["post-2839","page","type-page","status-publish","has-post-thumbnail","hentry"],"_links":{"self":[{"href":"https:\/\/quimicanova.com.br\/index.php?rest_route=\/wp\/v2\/pages\/2839"}],"collection":[{"href":"https:\/\/quimicanova.com.br\/index.php?rest_route=\/wp\/v2\/pages"}],"about":[{"href":"https:\/\/quimicanova.com.br\/index.php?rest_route=\/wp\/v2\/types\/page"}],"author":[{"embeddable":true,"href":"https:\/\/quimicanova.com.br\/index.php?rest_route=\/wp\/v2\/users\/3"}],"replies":[{"embeddable":true,"href":"https:\/\/quimicanova.com.br\/index.php?rest_route=%2Fwp%2Fv2%2Fcomments&post=2839"}],"version-history":[{"count":11,"href":"https:\/\/quimicanova.com.br\/index.php?rest_route=\/wp\/v2\/pages\/2839\/revisions"}],"predecessor-version":[{"id":3119,"href":"https:\/\/quimicanova.com.br\/index.php?rest_route=\/wp\/v2\/pages\/2839\/revisions\/3119"}],"wp:featuredmedia":[{"embeddable":true,"href":"https:\/\/quimicanova.com.br\/index.php?rest_route=\/wp\/v2\/media\/2846"}],"wp:attachment":[{"href":"https:\/\/quimicanova.com.br\/index.php?rest_route=%2Fwp%2Fv2%2Fmedia&parent=2839"}],"curies":[{"name":"wp","href":"https:\/\/api.w.org\/{rel}","templated":true}]}}