{"id":3016,"date":"2024-09-12T22:27:41","date_gmt":"2024-09-13T01:27:41","guid":{"rendered":"https:\/\/quimicanova.com.br\/?page_id=3016"},"modified":"2024-09-12T23:36:47","modified_gmt":"2024-09-13T02:36:47","slug":"aguas","status":"publish","type":"page","link":"https:\/\/quimicanova.com.br\/?page_id=3016","title":{"rendered":"\u00c1guas"},"content":{"rendered":"\t\t<div data-elementor-type=\"wp-page\" data-elementor-id=\"3016\" class=\"elementor elementor-3016\">\n\t\t\t\t\t\t<section class=\"elementor-section elementor-top-section elementor-element elementor-element-5e1f7ea elementor-section-boxed elementor-section-height-default elementor-section-height-default\" data-id=\"5e1f7ea\" data-element_type=\"section\">\n\t\t\t\t\t\t<div class=\"elementor-container elementor-column-gap-default\">\n\t\t\t\t\t<div class=\"elementor-column elementor-col-100 elementor-top-column elementor-element elementor-element-6e07c9b\" data-id=\"6e07c9b\" data-element_type=\"column\">\n\t\t\t<div class=\"elementor-widget-wrap elementor-element-populated\">\n\t\t\t\t\t\t<div class=\"elementor-element elementor-element-07b8d80 elementor-widget elementor-widget-text-editor\" data-id=\"07b8d80\" data-element_type=\"widget\" data-widget_type=\"text-editor.default\">\n\t\t\t\t<div class=\"elementor-widget-container\">\n\t\t\t\t\t\t\t<h3>\u00a0 \u00a0 \u00a0A Import\u00e2ncia do Tratamento de \u00c1gua e Efluentes no Brasil<\/h3><p>\u00a0 \u00a0 \u00a0 \u00a0 O tratamento de \u00e1gua e efluentes \u00e9 uma quest\u00e3o de extrema import\u00e2ncia para a sa\u00fade p\u00fablica, o meio ambiente e o desenvolvimento sustent\u00e1vel. No Brasil, essa realidade se torna ainda mais cr\u00edtica devido \u00e0 vasta extens\u00e3o territorial, \u00e0 diversidade de biomas e \u00e0s desigualdades socioecon\u00f4micas que impactam o acesso a saneamento b\u00e1sico de qualidade. A necessidade de tratar adequadamente a \u00e1gua e os efluentes \u00e9 n\u00e3o apenas uma quest\u00e3o de preserva\u00e7\u00e3o ambiental, mas tamb\u00e9m um desafio para garantir sa\u00fade e bem-estar \u00e0s popula\u00e7\u00f5es urbanas e rurais.<\/p><h4>\u00a0 \u00a0 \u00a0 O Cen\u00e1rio Atual do Saneamento no Brasil<\/h4><p>\u00a0 \u00a0 \u00a0 \u00a0 De acordo com o Sistema Nacional de Informa\u00e7\u00f5es sobre Saneamento (SNIS), em 2020, apenas 84,1% da popula\u00e7\u00e3o brasileira tinha acesso \u00e0 \u00e1gua pot\u00e1vel, enquanto 50,8% estavam conectados a redes de coleta de esgoto. Ainda mais preocupante \u00e9 o fato de que somente 45,9% do esgoto coletado no pa\u00eds passa por tratamento. Esses n\u00fameros refletem um s\u00e9rio problema de infraestrutura, que impacta diretamente a sa\u00fade da popula\u00e7\u00e3o e o meio ambiente.<\/p><p>\u00a0 \u00a0 \u00a0 \u00a0 A falta de tratamento adequado de \u00e1gua e esgoto contribui para a prolifera\u00e7\u00e3o de doen\u00e7as como a dengue, a c\u00f3lera e a leptospirose, todas relacionadas \u00e0 m\u00e1 qualidade da \u00e1gua e \u00e0 presen\u00e7a de efluentes sem tratamento adequado. Segundo dados do Instituto Trata Brasil, cerca de 273 mil interna\u00e7\u00f5es hospitalares anuais est\u00e3o diretamente relacionadas a doen\u00e7as de veicula\u00e7\u00e3o h\u00eddrica, com maior incid\u00eancia nas regi\u00f5es Norte e Nordeste, onde o acesso ao saneamento b\u00e1sico \u00e9 mais prec\u00e1rio.<\/p><h4>\u00a0 \u00a0 \u00a0 Impactos Ambientais e Econ\u00f4micos<\/h4><p>\u00a0 \u00a0 \u00a0 \u00a0 Al\u00e9m dos graves impactos \u00e0 sa\u00fade, a falta de tratamento de efluentes acarreta s\u00e9rias consequ\u00eancias ambientais. O lan\u00e7amento de esgoto n\u00e3o tratado em rios, lagos e no oceano contribui para a polui\u00e7\u00e3o dos corpos h\u00eddricos, levando \u00e0 degrada\u00e7\u00e3o dos ecossistemas aqu\u00e1ticos. A contamina\u00e7\u00e3o por metais pesados, micro-organismos patog\u00eanicos e nutrientes como nitrog\u00eanio e f\u00f3sforo provoca eutrofiza\u00e7\u00e3o, redu\u00e7\u00e3o da biodiversidade e comprometimento das fontes de \u00e1gua para consumo humano.<\/p><p>\u00a0 \u00a0 \u00a0 \u00a0 O impacto econ\u00f4mico dessa neglig\u00eancia tamb\u00e9m \u00e9 significativo. Estudos do Instituto Trata Brasil apontam que a falta de investimento em saneamento b\u00e1sico gera preju\u00edzos na ordem de R$ 100 bilh\u00f5es ao ano para o pa\u00eds, considerando gastos com sa\u00fade, perda de produtividade e desvaloriza\u00e7\u00e3o imobili\u00e1ria em \u00e1reas sem acesso a saneamento adequado. Em contrapartida, a cada R$ 1,00 investido em saneamento, economiza-se R$ 4,00 em despesas de sa\u00fade, segundo dados da Organiza\u00e7\u00e3o Mundial da Sa\u00fade (OMS).<\/p><h4>\u00a0 \u00a0 \u00a0 Desafios e Solu\u00e7\u00f5es<\/h4><p>\u00a0 \u00a0 \u00a0 \u00a0 Embora o novo marco legal do saneamento, sancionado em 2020, tenha trazido avan\u00e7os significativos ao estabelecer metas ambiciosas, como garantir 99% de cobertura de \u00e1gua pot\u00e1vel e 90% de coleta e tratamento de esgoto at\u00e9 2033, o Brasil ainda enfrenta grandes desafios para alcan\u00e7ar esses objetivos. A necessidade de modernizar a infraestrutura, ampliar o acesso ao tratamento de efluentes e promover a conscientiza\u00e7\u00e3o sobre o uso racional da \u00e1gua s\u00e3o fundamentais para reverter o cen\u00e1rio atual.<\/p><p>\u00a0 \u00a0 \u00a0 \u00a0 Al\u00e9m disso, \u00e9 essencial o engajamento do setor privado e o aumento dos investimentos em tecnologias sustent\u00e1veis, como a utiliza\u00e7\u00e3o de sistemas de tratamento biol\u00f3gico e o reaproveitamento de \u00e1gua para fins industriais e agr\u00edcolas. Essas medidas n\u00e3o s\u00f3 ajudam a reduzir o impacto ambiental, como tamb\u00e9m contribuem para o uso mais eficiente dos recursos h\u00eddricos, especialmente em regi\u00f5es onde a escassez de \u00e1gua j\u00e1 \u00e9 uma realidade.<\/p><h4>\u00a0 \u00a0 \u00a0 Conclus\u00e3o<\/h4><p>\u00a0 \u00a0 \u00a0 \u00a0 O tratamento de \u00e1gua e efluentes no Brasil \u00e9 uma quest\u00e3o de sa\u00fade p\u00fablica, preserva\u00e7\u00e3o ambiental e desenvolvimento econ\u00f4mico. A universaliza\u00e7\u00e3o do acesso a esses servi\u00e7os \u00e9 imprescind\u00edvel para garantir a qualidade de vida da popula\u00e7\u00e3o e proteger os recursos naturais do pa\u00eds. Embora avan\u00e7os tenham sido feitos nos \u00faltimos anos, \u00e9 necess\u00e1rio acelerar o ritmo de investimentos e ado\u00e7\u00e3o de tecnologias inovadoras para alcan\u00e7ar as metas propostas e assegurar um futuro sustent\u00e1vel para as pr\u00f3ximas gera\u00e7\u00f5es.<\/p>\t\t\t\t\t\t<\/div>\n\t\t\t\t<\/div>\n\t\t\t\t\t<\/div>\n\t\t<\/div>\n\t\t\t\t\t<\/div>\n\t\t<\/section>\n\t\t\t\t<section class=\"elementor-section elementor-top-section elementor-element elementor-element-10bcc22 elementor-section-boxed elementor-section-height-default elementor-section-height-default\" data-id=\"10bcc22\" data-element_type=\"section\">\n\t\t\t\t\t\t<div class=\"elementor-container elementor-column-gap-default\">\n\t\t\t\t\t<div class=\"elementor-column elementor-col-33 elementor-top-column elementor-element elementor-element-1564e35\" data-id=\"1564e35\" data-element_type=\"column\">\n\t\t\t<div class=\"elementor-widget-wrap elementor-element-populated\">\n\t\t\t\t\t\t<div class=\"elementor-element elementor-element-2b189e5 elementor-widget-divider--view-line elementor-widget elementor-widget-divider\" data-id=\"2b189e5\" data-element_type=\"widget\" data-widget_type=\"divider.default\">\n\t\t\t\t<div class=\"elementor-widget-container\">\n\t\t\t\t\t<div class=\"elementor-divider\">\n\t\t\t<span class=\"elementor-divider-separator\">\n\t\t\t\t\t\t<\/span>\n\t\t<\/div>\n\t\t\t\t<\/div>\n\t\t\t\t<\/div>\n\t\t\t\t<div class=\"elementor-element elementor-element-d8117dc elementor-align-center elementor-widget elementor-widget-button\" data-id=\"d8117dc\" data-element_type=\"widget\" data-widget_type=\"button.default\">\n\t\t\t\t<div class=\"elementor-widget-container\">\n\t\t\t\t\t<div class=\"elementor-button-wrapper\">\n\t\t\t<a class=\"elementor-button elementor-button-link elementor-size-sm\" href=\"https:\/\/quimicanova.com.br\/?page_id=3021\">\n\t\t\t\t\t\t<span class=\"elementor-button-content-wrapper\">\n\t\t\t\t\t\t\t\t\t<span class=\"elementor-button-text\">Produtos<\/span>\n\t\t\t\t\t<\/span>\n\t\t\t\t\t<\/a>\n\t\t<\/div>\n\t\t\t\t<\/div>\n\t\t\t\t<\/div>\n\t\t\t\t\t<\/div>\n\t\t<\/div>\n\t\t\t\t<div class=\"elementor-column elementor-col-33 elementor-top-column elementor-element elementor-element-53c8df4\" data-id=\"53c8df4\" data-element_type=\"column\">\n\t\t\t<div class=\"elementor-widget-wrap elementor-element-populated\">\n\t\t\t\t\t\t<div class=\"elementor-element elementor-element-22fafb5 elementor-widget-divider--view-line elementor-widget elementor-widget-divider\" data-id=\"22fafb5\" data-element_type=\"widget\" data-widget_type=\"divider.default\">\n\t\t\t\t<div class=\"elementor-widget-container\">\n\t\t\t\t\t<div class=\"elementor-divider\">\n\t\t\t<span class=\"elementor-divider-separator\">\n\t\t\t\t\t\t<\/span>\n\t\t<\/div>\n\t\t\t\t<\/div>\n\t\t\t\t<\/div>\n\t\t\t\t<div class=\"elementor-element elementor-element-69223a3 elementor-align-center elementor-widget elementor-widget-button\" data-id=\"69223a3\" data-element_type=\"widget\" data-widget_type=\"button.default\">\n\t\t\t\t<div class=\"elementor-widget-container\">\n\t\t\t\t\t<div class=\"elementor-button-wrapper\">\n\t\t\t<a class=\"elementor-button elementor-button-link elementor-size-sm\" href=\"https:\/\/quimicanova.com.br\/?page_id=2902\">\n\t\t\t\t\t\t<span class=\"elementor-button-content-wrapper\">\n\t\t\t\t\t\t\t\t\t<span class=\"elementor-button-text\">Contato<\/span>\n\t\t\t\t\t<\/span>\n\t\t\t\t\t<\/a>\n\t\t<\/div>\n\t\t\t\t<\/div>\n\t\t\t\t<\/div>\n\t\t\t\t\t<\/div>\n\t\t<\/div>\n\t\t\t\t<div class=\"elementor-column elementor-col-33 elementor-top-column elementor-element elementor-element-63c73c5\" data-id=\"63c73c5\" data-element_type=\"column\">\n\t\t\t<div class=\"elementor-widget-wrap elementor-element-populated\">\n\t\t\t\t\t\t<div class=\"elementor-element elementor-element-3c3c586 elementor-widget-divider--view-line elementor-widget elementor-widget-divider\" data-id=\"3c3c586\" data-element_type=\"widget\" data-widget_type=\"divider.default\">\n\t\t\t\t<div class=\"elementor-widget-container\">\n\t\t\t\t\t<div class=\"elementor-divider\">\n\t\t\t<span class=\"elementor-divider-separator\">\n\t\t\t\t\t\t<\/span>\n\t\t<\/div>\n\t\t\t\t<\/div>\n\t\t\t\t<\/div>\n\t\t\t\t<div class=\"elementor-element elementor-element-0b9270a elementor-align-center elementor-widget elementor-widget-button\" data-id=\"0b9270a\" data-element_type=\"widget\" data-widget_type=\"button.default\">\n\t\t\t\t<div class=\"elementor-widget-container\">\n\t\t\t\t\t<div class=\"elementor-button-wrapper\">\n\t\t\t<a class=\"elementor-button elementor-button-link elementor-size-sm\" href=\"https:\/\/quimicanova.com.br\/?page_id=2974\">\n\t\t\t\t\t\t<span class=\"elementor-button-content-wrapper\">\n\t\t\t\t\t\t\t\t\t<span class=\"elementor-button-text\">In\u00edcio<\/span>\n\t\t\t\t\t<\/span>\n\t\t\t\t\t<\/a>\n\t\t<\/div>\n\t\t\t\t<\/div>\n\t\t\t\t<\/div>\n\t\t\t\t\t<\/div>\n\t\t<\/div>\n\t\t\t\t\t<\/div>\n\t\t<\/section>\n\t\t\t\t<\/div>\n\t\t","protected":false},"excerpt":{"rendered":"<p>\u00a0 \u00a0 \u00a0A Import\u00e2ncia do Tratamento de \u00c1gua e Efluentes no Brasil \u00a0 \u00a0 \u00a0 \u00a0 O tratamento de \u00e1gua e efluentes \u00e9 uma quest\u00e3o de extrema import\u00e2ncia para a sa\u00fade p\u00fablica, o meio ambiente e o desenvolvimento sustent\u00e1vel. No Brasil, essa realidade se torna ainda mais cr\u00edtica devido \u00e0 vasta extens\u00e3o territorial, \u00e0 diversidade&hellip; <br \/> <a class=\"read-more\" href=\"https:\/\/quimicanova.com.br\/?page_id=3016\">Leia mais<\/a><\/p>\n","protected":false},"author":3,"featured_media":2948,"parent":0,"menu_order":0,"comment_status":"closed","ping_status":"closed","template":"","meta":{"footnotes":""},"class_list":["post-3016","page","type-page","status-publish","has-post-thumbnail","hentry"],"_links":{"self":[{"href":"https:\/\/quimicanova.com.br\/index.php?rest_route=\/wp\/v2\/pages\/3016"}],"collection":[{"href":"https:\/\/quimicanova.com.br\/index.php?rest_route=\/wp\/v2\/pages"}],"about":[{"href":"https:\/\/quimicanova.com.br\/index.php?rest_route=\/wp\/v2\/types\/page"}],"author":[{"embeddable":true,"href":"https:\/\/quimicanova.com.br\/index.php?rest_route=\/wp\/v2\/users\/3"}],"replies":[{"embeddable":true,"href":"https:\/\/quimicanova.com.br\/index.php?rest_route=%2Fwp%2Fv2%2Fcomments&post=3016"}],"version-history":[{"count":7,"href":"https:\/\/quimicanova.com.br\/index.php?rest_route=\/wp\/v2\/pages\/3016\/revisions"}],"predecessor-version":[{"id":3079,"href":"https:\/\/quimicanova.com.br\/index.php?rest_route=\/wp\/v2\/pages\/3016\/revisions\/3079"}],"wp:featuredmedia":[{"embeddable":true,"href":"https:\/\/quimicanova.com.br\/index.php?rest_route=\/wp\/v2\/media\/2948"}],"wp:attachment":[{"href":"https:\/\/quimicanova.com.br\/index.php?rest_route=%2Fwp%2Fv2%2Fmedia&parent=3016"}],"curies":[{"name":"wp","href":"https:\/\/api.w.org\/{rel}","templated":true}]}}